{"id":16943,"date":"2019-01-18T00:45:02","date_gmt":"2019-01-18T06:45:02","guid":{"rendered":"http:\/\/alpomodoro.com.sv\/?page_id=16943"},"modified":"2022-05-15T20:20:51","modified_gmt":"2022-05-16T02:20:51","slug":"los-licores-digestivos","status":"publish","type":"page","link":"https:\/\/otromedio.info\/alpomodoro\/sobre-nosotros\/los-licores-digestivos\/","title":{"rendered":"Los licores digestivos"},"content":{"rendered":"<p><span style=\"vertical-align: inherit;\"><span style=\"vertical-align: inherit;\">Despu\u00e9s de una buena comida &#8230;<\/span><\/span><\/p>\n<p><span style=\"vertical-align: inherit;\"><span style=\"vertical-align: inherit;\">Los mejores resultados en la mesa, los alimentos para el caf\u00e9 para ayudar a la digesti\u00f3n, las hierbas y las frutas para la elaboraci\u00f3n, la temperatura ambiente o el hielo.<\/span><\/span><\/p>\n<p>&nbsp;<\/p>\n<h4><span style=\"vertical-align: inherit;\"><span style=\"vertical-align: inherit;\">Licor de lim\u00f3n italiano<\/span><\/span><\/h4>\n<p><span style=\"vertical-align: inherit;\"><span style=\"vertical-align: inherit;\">Est\u00e1 elaborado en una base de c\u00e1scaras de lim\u00f3n, famoso en la costa de Amalfi, Italia. <\/span><span style=\"vertical-align: inherit;\">Es un licor sumamente digestivo y se sirve generalmente fr\u00edo.<\/span><\/span><\/p>\n<p><img loading=\"lazy\" class=\"size-medium wp-image-16944 aligncenter\" src=\"http:\/\/alpomodoro.com.sv\/wp-content\/uploads\/2019\/01\/Slide1-300x225.jpg\" alt=\"Licor de lim\u00f3n italiano\" width=\"300\" height=\"225\" srcset=\"https:\/\/otromedio.info\/alpomodoro\/wp-content\/uploads\/2019\/01\/Slide1-300x225.jpg 300w, https:\/\/otromedio.info\/alpomodoro\/wp-content\/uploads\/2019\/01\/Slide1-768x576.jpg 768w, https:\/\/otromedio.info\/alpomodoro\/wp-content\/uploads\/2019\/01\/Slide1-800x600.jpg 800w, https:\/\/otromedio.info\/alpomodoro\/wp-content\/uploads\/2019\/01\/Slide1.jpg 1024w\" sizes=\"(max-width: 300px) 100vw, 300px\" \/><\/p>\n<p>&nbsp;<\/p>\n<h4><span style=\"vertical-align: inherit;\"><span style=\"vertical-align: inherit;\">Grappa<\/span><\/span><\/h4>\n<p><span style=\"vertical-align: inherit;\"><span style=\"vertical-align: inherit;\">Es un tipo de licencia que se hace en la lengua de los restos de los prensados \u200b\u200bde la uva, a su vez se debe su nombre (grappa significa \u00abtallo de uva\u00bb en italiano). <\/span><span style=\"vertical-align: inherit;\">Este es el origen de Italia, especialmente de las zonas de Piamonte, Lombard\u00eda, Val d&#8217;Aosta, Veneto, entre otras.<\/span><\/span><\/p>\n<p><img loading=\"lazy\" class=\"size-medium wp-image-16963 aligncenter\" src=\"http:\/\/alpomodoro.com.sv\/wp-content\/uploads\/2019\/01\/Grappa-300x300.jpg\" alt=\"Grappa\" width=\"300\" height=\"300\" srcset=\"https:\/\/otromedio.info\/alpomodoro\/wp-content\/uploads\/2019\/01\/Grappa-300x300.jpg 300w, https:\/\/otromedio.info\/alpomodoro\/wp-content\/uploads\/2019\/01\/Grappa-1024x1024.jpg 1024w, https:\/\/otromedio.info\/alpomodoro\/wp-content\/uploads\/2019\/01\/Grappa-150x150.jpg 150w, https:\/\/otromedio.info\/alpomodoro\/wp-content\/uploads\/2019\/01\/Grappa-768x768.jpg 768w, https:\/\/otromedio.info\/alpomodoro\/wp-content\/uploads\/2019\/01\/Grappa-750x750.jpg 750w, https:\/\/otromedio.info\/alpomodoro\/wp-content\/uploads\/2019\/01\/Grappa-160x160.jpg 160w, https:\/\/otromedio.info\/alpomodoro\/wp-content\/uploads\/2019\/01\/Grappa-800x800.jpg 800w, https:\/\/otromedio.info\/alpomodoro\/wp-content\/uploads\/2019\/01\/Grappa.jpg 1200w\" sizes=\"(max-width: 300px) 100vw, 300px\" \/><\/p>\n<h4><span style=\"vertical-align: inherit;\"><span style=\"vertical-align: inherit;\">Amaretto<\/span><\/span><\/h4>\n<p><span style=\"vertical-align: inherit;\"><span style=\"vertical-align: inherit;\">El amaretto es un licor en el que se combinan el dulzor de los huesos de albaricoque con el amargo de las almendras los cuales est\u00e1n acompa\u00f1ados por alcohol puro, az\u00facar caramelizada y la esencia de diecisiete plantas y frutas arom\u00e1ticas entre las que destacan de forma especial vainilla <\/span><span style=\"vertical-align: inherit;\">El amaretto tiene su origen Saronno, una peque\u00f1a localidad cercana a Mil\u00e1n, Italia.<\/span><\/span><\/p>\n<p><img loading=\"lazy\" class=\"size-medium wp-image-16964 aligncenter\" src=\"http:\/\/alpomodoro.com.sv\/wp-content\/uploads\/2019\/01\/amaretto-300x200.jpg\" alt=\"amaretto\" width=\"300\" height=\"200\" srcset=\"https:\/\/otromedio.info\/alpomodoro\/wp-content\/uploads\/2019\/01\/amaretto-300x200.jpg 300w, https:\/\/otromedio.info\/alpomodoro\/wp-content\/uploads\/2019\/01\/amaretto-1024x683.jpg 1024w, https:\/\/otromedio.info\/alpomodoro\/wp-content\/uploads\/2019\/01\/amaretto-768x512.jpg 768w, https:\/\/otromedio.info\/alpomodoro\/wp-content\/uploads\/2019\/01\/amaretto-1536x1024.jpg 1536w, https:\/\/otromedio.info\/alpomodoro\/wp-content\/uploads\/2019\/01\/amaretto-1310x874.jpg 1310w, https:\/\/otromedio.info\/alpomodoro\/wp-content\/uploads\/2019\/01\/amaretto-800x534.jpg 800w, https:\/\/otromedio.info\/alpomodoro\/wp-content\/uploads\/2019\/01\/amaretto.jpg 1600w\" sizes=\"(max-width: 300px) 100vw, 300px\" \/><\/p>\n<h4><span style=\"vertical-align: inherit;\"><span style=\"vertical-align: inherit;\">Frangelico<\/span><\/span><\/h4>\n<p><span style=\"vertical-align: inherit;\"><span style=\"vertical-align: inherit;\">Frang\u00e9lico es un licor hecho a base de avellanas silvestres tostadas y sumergidas en alcohol junto con bayas y especias. <\/span><span style=\"vertical-align: inherit;\">Recibe el nombre del monje que viv\u00eda en una ermita del Piamonte y que la invent\u00f3 hacia el a\u00f1o 1600 junto con otras muchas bebidas.<\/span><\/span><\/p>\n<p><img loading=\"lazy\" class=\"size-medium wp-image-16950 aligncenter\" src=\"http:\/\/alpomodoro.com.sv\/wp-content\/uploads\/2019\/01\/531ec359ad6b9s712425-300x269.jpg\" alt=\"Frangelico\" width=\"300\" height=\"269\" srcset=\"https:\/\/otromedio.info\/alpomodoro\/wp-content\/uploads\/2019\/01\/531ec359ad6b9s712425-300x269.jpg 300w, https:\/\/otromedio.info\/alpomodoro\/wp-content\/uploads\/2019\/01\/531ec359ad6b9s712425-1024x917.jpg 1024w, https:\/\/otromedio.info\/alpomodoro\/wp-content\/uploads\/2019\/01\/531ec359ad6b9s712425-768x687.jpg 768w, https:\/\/otromedio.info\/alpomodoro\/wp-content\/uploads\/2019\/01\/531ec359ad6b9s712425-1536x1375.jpg 1536w, https:\/\/otromedio.info\/alpomodoro\/wp-content\/uploads\/2019\/01\/531ec359ad6b9s712425-1310x1172.jpg 1310w, https:\/\/otromedio.info\/alpomodoro\/wp-content\/uploads\/2019\/01\/531ec359ad6b9s712425-800x716.jpg 800w, https:\/\/otromedio.info\/alpomodoro\/wp-content\/uploads\/2019\/01\/531ec359ad6b9s712425.jpg 2048w\" sizes=\"(max-width: 300px) 100vw, 300px\" \/><\/p>\n<p>&nbsp;<\/p>\n<h4><span style=\"vertical-align: inherit;\"><span style=\"vertical-align: inherit;\">Baileys<\/span><\/span><\/h4>\n<p><span style=\"vertical-align: inherit;\"><span style=\"vertical-align: inherit;\">La Crema Irlandesa Bayleys (Crema Irlandesa Baileys) est\u00e1 basada en whisky irland\u00e9s y crema de leche. <\/span><span style=\"vertical-align: inherit;\">Baileys fue el primer lugar en la crema y el alcohol de una manera lo suficientemente estable como permitida su comercializaci\u00f3n. <\/span><span style=\"vertical-align: inherit;\">La proporci\u00f3n del resto de los ingredientes utilizados no es la conocida, pero incluye chocolate, vainilla, caramelo, az\u00facar y canela.<\/span><\/span><\/p>\n<p><img loading=\"lazy\" class=\"size-medium wp-image-16962 aligncenter\" src=\"http:\/\/alpomodoro.com.sv\/wp-content\/uploads\/2019\/01\/674731_1-300x300.jpg\" alt=\"Bayleys\" width=\"300\" height=\"300\" srcset=\"https:\/\/otromedio.info\/alpomodoro\/wp-content\/uploads\/2019\/01\/674731_1-300x300.jpg 300w, https:\/\/otromedio.info\/alpomodoro\/wp-content\/uploads\/2019\/01\/674731_1-1024x1024.jpg 1024w, https:\/\/otromedio.info\/alpomodoro\/wp-content\/uploads\/2019\/01\/674731_1-150x150.jpg 150w, https:\/\/otromedio.info\/alpomodoro\/wp-content\/uploads\/2019\/01\/674731_1-768x768.jpg 768w, https:\/\/otromedio.info\/alpomodoro\/wp-content\/uploads\/2019\/01\/674731_1-750x750.jpg 750w, https:\/\/otromedio.info\/alpomodoro\/wp-content\/uploads\/2019\/01\/674731_1-160x160.jpg 160w, https:\/\/otromedio.info\/alpomodoro\/wp-content\/uploads\/2019\/01\/674731_1-1310x1310.jpg 1310w, https:\/\/otromedio.info\/alpomodoro\/wp-content\/uploads\/2019\/01\/674731_1-800x800.jpg 800w, https:\/\/otromedio.info\/alpomodoro\/wp-content\/uploads\/2019\/01\/674731_1.jpg 1500w\" sizes=\"(max-width: 300px) 100vw, 300px\" \/><\/p>\n<h4><span style=\"vertical-align: inherit;\"><span style=\"vertical-align: inherit;\">Amaro averno<\/span><\/span><\/h4>\n<p><span style=\"vertical-align: inherit;\"><span style=\"vertical-align: inherit;\">Amaro Averno (&#8216;amargo&#8217; en italiano) es un tipo de licor de hierbas italiano, suele ser amargo y dulce, a veces almibarado. <\/span><span style=\"vertical-align: inherit;\">El amaro suele producir macerando hierbas, ra\u00edces, flores, cortezas y piel de c\u00edtricos en alcohol, ya sea en licores neutrales o vino, mezclando con el filtro de alm\u00edbar y dejando de lado la mezcla en el tonel o la botella.<\/span><\/span><\/p>\n<p><img loading=\"lazy\" class=\"size-medium wp-image-16951 aligncenter\" src=\"http:\/\/alpomodoro.com.sv\/wp-content\/uploads\/2019\/01\/winerwaltz-300x225.jpg\" alt=\"Amaro averno\" width=\"300\" height=\"225\" srcset=\"https:\/\/otromedio.info\/alpomodoro\/wp-content\/uploads\/2019\/01\/winerwaltz-300x225.jpg 300w, https:\/\/otromedio.info\/alpomodoro\/wp-content\/uploads\/2019\/01\/winerwaltz-1024x768.jpg 1024w, https:\/\/otromedio.info\/alpomodoro\/wp-content\/uploads\/2019\/01\/winerwaltz-768x576.jpg 768w, https:\/\/otromedio.info\/alpomodoro\/wp-content\/uploads\/2019\/01\/winerwaltz-1310x983.jpg 1310w, https:\/\/otromedio.info\/alpomodoro\/wp-content\/uploads\/2019\/01\/winerwaltz-800x600.jpg 800w, https:\/\/otromedio.info\/alpomodoro\/wp-content\/uploads\/2019\/01\/winerwaltz.jpg 1372w\" sizes=\"(max-width: 300px) 100vw, 300px\" \/><\/p>\n","protected":false},"excerpt":{"rendered":"<p>Despu\u00e9s de una buena comida &#8230; Los mejores resultados en la mesa, los alimentos para el caf\u00e9 para ayudar a la digesti\u00f3n, las hierbas y las frutas para la elaboraci\u00f3n, la temperatura ambiente o el hielo. &nbsp; Licor de lim\u00f3n italiano Est\u00e1 elaborado en una base de c\u00e1scaras de lim\u00f3n, famoso en la costa de Amalfi, Italia. Es un licor sumamente digestivo y se sirve generalmente fr\u00edo. &nbsp; Grappa Es un tipo de licencia que se hace en la lengua [&hellip;]<\/p>\n","protected":false},"author":1,"featured_media":18757,"parent":18702,"menu_order":0,"comment_status":"closed","ping_status":"closed","template":"","meta":[],"_links":{"self":[{"href":"https:\/\/otromedio.info\/alpomodoro\/wp-json\/wp\/v2\/pages\/16943"}],"collection":[{"href":"https:\/\/otromedio.info\/alpomodoro\/wp-json\/wp\/v2\/pages"}],"about":[{"href":"https:\/\/otromedio.info\/alpomodoro\/wp-json\/wp\/v2\/types\/page"}],"author":[{"embeddable":true,"href":"https:\/\/otromedio.info\/alpomodoro\/wp-json\/wp\/v2\/users\/1"}],"replies":[{"embeddable":true,"href":"https:\/\/otromedio.info\/alpomodoro\/wp-json\/wp\/v2\/comments?post=16943"}],"version-history":[{"count":1,"href":"https:\/\/otromedio.info\/alpomodoro\/wp-json\/wp\/v2\/pages\/16943\/revisions"}],"predecessor-version":[{"id":18751,"href":"https:\/\/otromedio.info\/alpomodoro\/wp-json\/wp\/v2\/pages\/16943\/revisions\/18751"}],"up":[{"embeddable":true,"href":"https:\/\/otromedio.info\/alpomodoro\/wp-json\/wp\/v2\/pages\/18702"}],"wp:featuredmedia":[{"embeddable":true,"href":"https:\/\/otromedio.info\/alpomodoro\/wp-json\/wp\/v2\/menu-items\/18757"}],"wp:attachment":[{"href":"https:\/\/otromedio.info\/alpomodoro\/wp-json\/wp\/v2\/media?parent=16943"}],"curies":[{"name":"wp","href":"https:\/\/api.w.org\/{rel}","templated":true}]}}